{"id":1222,"date":"2016-06-09T23:04:00","date_gmt":"2016-06-09T21:04:00","guid":{"rendered":"https:\/\/vilaboem.ro\/?page_id=1222"},"modified":"2025-04-11T17:26:18","modified_gmt":"2025-04-11T14:26:18","slug":"cazare","status":"publish","type":"page","link":"https:\/\/vilaboem.ro\/de\/cazare\/","title":{"rendered":"Unterkunft"},"content":{"rendered":"<div class=\"group\">\n\t\t<div class=\"room-itemlist-col2 group-itemlist-2\">\n\t\t\t\t\t\t\t\t\t\t\t\t\t<div class=\"room-lists-item\">\n\t\t\t\t<!-- rooms-entry -->\n<div class=\"room_entry_div \">\n\n\t<div class=\"room_slideshow_container\">\n\t\t       <div>\n\t\t\t<div class=\"room_slideshow\">\n\t\t<div data-slicon='https:\/\/vilaboem.ro\/wp-content\/uploads\/2016\/06\/camere_garsoniera4-100x100.jpg'>\n\t\t\t\t\t\t\t<a   title='' data-gal='prettyPhoto prettyPhoto[gal]' class='prettyPhoto' href='https:\/\/vilaboem.ro\/wp-content\/uploads\/2016\/06\/camere_garsoniera4.jpg'>\n\t\t\t\t\t\t\t\t\t<img src='https:\/\/vilaboem.ro\/wp-content\/uploads\/2016\/06\/camere_garsoniera4.jpg' alt=''   \/>\t\t<\/a>\t\t\t\t\t\t\n\t\t\t\t\t\t<\/div><div data-slicon='https:\/\/vilaboem.ro\/wp-content\/uploads\/2016\/06\/camere_garsoniera3-100x100.jpg'>\n\t\t\t\t\t\t\t<a   title='' data-gal='prettyPhoto prettyPhoto[gal]' class='prettyPhoto' href='https:\/\/vilaboem.ro\/wp-content\/uploads\/2016\/06\/camere_garsoniera3.jpg'>\n\t\t\t\t\t\t\t\t\t<img src='https:\/\/vilaboem.ro\/wp-content\/uploads\/2016\/06\/camere_garsoniera3.jpg' alt=''   \/>\t\t<\/a>\t\t\t\t\t\t\n\t\t\t\t\t\t<\/div><div data-slicon='https:\/\/vilaboem.ro\/wp-content\/uploads\/2016\/06\/camere_garsoniera2-100x100.jpg'>\n\t\t\t\t\t\t\t<a   title='' data-gal='prettyPhoto prettyPhoto[gal]' class='prettyPhoto' href='https:\/\/vilaboem.ro\/wp-content\/uploads\/2016\/06\/camere_garsoniera2.jpg'>\n\t\t\t\t\t\t\t\t\t<img src='https:\/\/vilaboem.ro\/wp-content\/uploads\/2016\/06\/camere_garsoniera2.jpg' alt=''   \/>\t\t<\/a>\t\t\t\t\t\t\n\t\t\t\t\t\t<\/div><div data-slicon='https:\/\/vilaboem.ro\/wp-content\/uploads\/2016\/06\/camere_garsoniera-100x100.jpg'>\n\t\t\t\t\t\t\t<a   title='' data-gal='prettyPhoto prettyPhoto[gal]' class='prettyPhoto' href='https:\/\/vilaboem.ro\/wp-content\/uploads\/2016\/06\/camere_garsoniera.jpg'>\n\t\t\t\t\t\t\t\t\t<img src='https:\/\/vilaboem.ro\/wp-content\/uploads\/2016\/06\/camere_garsoniera.jpg' alt=''   \/>\t\t<\/a>\t\t\t\t\t\t\n\t\t\t\t\t\t<\/div><\/div><div class='clear'><\/div><ul id='roomslider_nav' class='template_ul'><\/ul><div class='clear'><\/div><\/div><a href=\"#\" class=\"next room_next\">Next<\/a><a href=\"#\" class=\"prev room_prev\">Prev<\/a><\/div>\n\t<a  class='rooms_entry_headline' href=\"https:\/\/vilaboem.ro\/de\/easy-rooms\/garsoniera\/\"><h4 class='rooms_p'>Einzimmerwohnung\t<span class='room_entry_price'>250 Lei<\/span>\t<\/h4><\/a>\n\t\t\t\t<p class='more'><a href=\"https:\/\/vilaboem.ro\/de\/easy-rooms\/garsoniera\/\" class=\"button sc_button green \">\nSiehe Details und buch online\n<\/a><\/p>\n\t<div class=\"clear\"><\/div>\n<\/div>\t\t\t<\/div>\n\n\t\t\t\t\t\t\t\t\t\t\t<div class=\"room-lists-item\">\n\t\t\t\t<!-- rooms-entry -->\n<div class=\"room_entry_div \">\n\n\t<div class='opacity-hover-bg single-portfolio-image'><a rel=\"prettyPhoto\"  href=\"https:\/\/vilaboem.ro\/wp-content\/uploads\/2016\/06\/camere_apartament.jpg\" title=\"Apartament\" ><img loading=\"lazy\" decoding=\"async\" width=\"1200\" height=\"740\" src=\"https:\/\/vilaboem.ro\/wp-content\/uploads\/2016\/06\/camere_apartament.jpg\" class=\"opacity-hover wp-post-image\" alt=\"\" srcset=\"https:\/\/vilaboem.ro\/wp-content\/uploads\/2016\/06\/camere_apartament.jpg 1200w, https:\/\/vilaboem.ro\/wp-content\/uploads\/2016\/06\/camere_apartament-768x474.jpg 768w, https:\/\/vilaboem.ro\/wp-content\/uploads\/2016\/06\/camere_apartament-500x308.jpg 500w\" sizes=\"auto, (max-width: 1200px) 100vw, 1200px\" \/><\/a><\/div>\n\t<a  class='rooms_entry_headline' href=\"https:\/\/vilaboem.ro\/de\/easy-rooms\/apartament\/\"><h4 class='rooms_p'>Apartament\t<span class='room_entry_price'>280 Lei<\/span>\t<\/h4><\/a>\n\t\t\t\t<p class='more'><a href=\"https:\/\/vilaboem.ro\/de\/easy-rooms\/apartament\/\" class=\"button sc_button green \">\nSiehe Details und buch online\n<\/a><\/p>\n\t<div class=\"clear\"><\/div>\n<\/div>\t\t\t<\/div>\n\n\t\t\t\t \n\t\t<\/div> \n\t\t<div class=\"clear\"><\/div>\n\t<\/div><!-- group-->  \n\n\t\n<h2>Preis zeitspannen 2025<\/h2>\n<h2>\n<table id=\"tablepress-1-no-3\" class=\"tablepress tablepress-id-1\">\n<thead>\n<tr class=\"row-1\">\n\t<th class=\"column-1\">Perioada<br>Timespan<\/th><th class=\"column-2\">Garsoniera<br>Studio<\/th><th class=\"column-3\">Apartament<br>Apartment<\/th>\n<\/tr>\n<\/thead>\n<tbody class=\"row-striping row-hover\">\n<tr class=\"row-2\">\n\t<td class=\"column-1\">07.01 - 15.07<\/td><td class=\"column-2\">250<\/td><td class=\"column-3\">280<\/td>\n<\/tr>\n<tr class=\"row-3\">\n\t<td class=\"column-1\">16.07 - 15.09<\/td><td class=\"column-2\">280<\/td><td class=\"column-3\">320<\/td>\n<\/tr>\n<tr class=\"row-4\">\n\t<td class=\"column-1\">16.09 - 20.12<\/td><td class=\"column-2\">250<\/td><td class=\"column-3\">280<\/td>\n<\/tr>\n<tr class=\"row-5\">\n\t<td class=\"column-1\">21.12 - 06.01<\/td><td class=\"column-2\">280<\/td><td class=\"column-3\">320<br \/>\n<\/td>\n<\/tr>\n<tr class=\"row-6\">\n\t<td class=\"column-1\"><\/td><td class=\"column-2\"><\/td><td class=\"column-3\"><\/td>\n<\/tr>\n<\/tbody>\n<\/table>\n<\/h2>\n<h2>Preisinfo<\/h2>\n\n<ul class='stylelists stylelist_4'>\n<li>Die Preise sind etwa unterschiedlich, je nach Saison und abh\u00e4ngig von der Weihnachten, dem Neujahr und Ostern und sie umfassen den Kaffee, Tee und das Wasser.<\/li>\n<li>Es gibt keine Unterkunftskosten f\u00fcr Kinder, die in dem selbenBett schlafen mit ihren Eltern. F\u00fcr Kinder, die auf dem Sofa-Bett \u00fcbernachten, gibt es eine zus\u00e4tzliche Geb\u00fchr von 50 Lei \/ Nacht.<\/li>\n<li>Auf Antrag k\u00f6nnen wir auch Fr\u00fchst\u00fcck auf dem Preis von 30 Lei\/Tag anbieten.<\/li>\n<\/ul>","protected":false},"excerpt":{"rendered":"<p>Preis zeitspannen 2025 Preisinfo<\/p>\n","protected":false},"author":1,"featured_media":0,"parent":0,"menu_order":0,"comment_status":"closed","ping_status":"closed","template":"","meta":{"footnotes":""},"class_list":["post-1222","page","type-page","status-publish","hentry","has_featured_image"],"yoast_head":"<!-- This site is optimized with the Yoast SEO plugin v27.1.1 - https:\/\/yoast.com\/product\/yoast-seo-wordpress\/ -->\n<title>Unterkunft - Vila Boem - Gura Humorului<\/title>\n<meta name=\"robots\" content=\"index, follow, max-snippet:-1, max-image-preview:large, max-video-preview:-1\" \/>\n<link rel=\"canonical\" href=\"https:\/\/vilaboem.ro\/cazare\/\" \/>\n<meta property=\"og:locale\" content=\"de_DE\" \/>\n<meta property=\"og:type\" content=\"article\" \/>\n<meta property=\"og:title\" content=\"[:ro]Cazare[:en]Accommodation[:de]Unterkunft[:] - Vila Boem - Gura Humorului\" \/>\n<meta property=\"og:description\" content=\"Preis zeitspannen 2025 Preisinfo\" \/>\n<meta property=\"og:url\" content=\"https:\/\/vilaboem.ro\/cazare\/\" \/>\n<meta property=\"og:site_name\" content=\"Vila Boem - Gura Humorului\" \/>\n<meta property=\"article:modified_time\" content=\"2025-04-11T14:26:18+00:00\" \/>\n<meta name=\"twitter:card\" content=\"summary_large_image\" \/>\n<meta name=\"twitter:label1\" content=\"Gesch\u00e4tzte Lesezeit\" \/>\n\t<meta name=\"twitter:data1\" content=\"1\u00a0Minute\" \/>\n<script type=\"application\/ld+json\" class=\"yoast-schema-graph\">{\"@context\":\"https:\/\/schema.org\",\"@graph\":[{\"@type\":\"WebPage\",\"@id\":\"https:\/\/vilaboem.ro\/cazare\/\",\"url\":\"https:\/\/vilaboem.ro\/cazare\/\",\"name\":\"[:ro]Cazare[:en]Accommodation[:de]Unterkunft[:] - Vila Boem - Gura Humorului\",\"isPartOf\":{\"@id\":\"https:\/\/vilaboem.ro\/#website\"},\"datePublished\":\"2016-06-09T21:04:00+00:00\",\"dateModified\":\"2025-04-11T14:26:18+00:00\",\"breadcrumb\":{\"@id\":\"https:\/\/vilaboem.ro\/cazare\/#breadcrumb\"},\"inLanguage\":\"de\",\"potentialAction\":[{\"@type\":\"ReadAction\",\"target\":[\"https:\/\/vilaboem.ro\/cazare\/\"]}]},{\"@type\":\"BreadcrumbList\",\"@id\":\"https:\/\/vilaboem.ro\/cazare\/#breadcrumb\",\"itemListElement\":[{\"@type\":\"ListItem\",\"position\":1,\"name\":\"Prima pagin\u0103\",\"item\":\"https:\/\/vilaboem.ro\/\"},{\"@type\":\"ListItem\",\"position\":2,\"name\":\"Cazare\"}]},{\"@type\":\"WebSite\",\"@id\":\"https:\/\/vilaboem.ro\/#website\",\"url\":\"https:\/\/vilaboem.ro\/\",\"name\":\"Vila Boem - Gura Humorului\",\"description\":\"Cazare in Gura Humorului Bucovina\",\"potentialAction\":[{\"@type\":\"SearchAction\",\"target\":{\"@type\":\"EntryPoint\",\"urlTemplate\":\"https:\/\/vilaboem.ro\/?s={search_term_string}\"},\"query-input\":{\"@type\":\"PropertyValueSpecification\",\"valueRequired\":true,\"valueName\":\"search_term_string\"}}],\"inLanguage\":\"de\"}]}<\/script>\n<!-- \/ Yoast SEO plugin. -->","yoast_head_json":{"title":"[:ro]Cazare[:en]Accommodation[:de]Unterkunft[:] - Vila Boem - Gura Humorului","robots":{"index":"index","follow":"follow","max-snippet":"max-snippet:-1","max-image-preview":"max-image-preview:large","max-video-preview":"max-video-preview:-1"},"canonical":"https:\/\/vilaboem.ro\/cazare\/","og_locale":"de_DE","og_type":"article","og_title":"[:ro]Cazare[:en]Accommodation[:de]Unterkunft[:] - Vila Boem - Gura Humorului","og_description":"Preis zeitspannen 2025 Preisinfo","og_url":"https:\/\/vilaboem.ro\/cazare\/","og_site_name":"Vila Boem - Gura Humorului","article_modified_time":"2025-04-11T14:26:18+00:00","twitter_card":"summary_large_image","twitter_misc":{"Gesch\u00e4tzte Lesezeit":"1\u00a0Minute"},"schema":{"@context":"https:\/\/schema.org","@graph":[{"@type":"WebPage","@id":"https:\/\/vilaboem.ro\/cazare\/","url":"https:\/\/vilaboem.ro\/cazare\/","name":"[:ro]Cazare[:en]Accommodation[:de]Unterkunft[:] - Vila Boem - Gura Humorului","isPartOf":{"@id":"https:\/\/vilaboem.ro\/#website"},"datePublished":"2016-06-09T21:04:00+00:00","dateModified":"2025-04-11T14:26:18+00:00","breadcrumb":{"@id":"https:\/\/vilaboem.ro\/cazare\/#breadcrumb"},"inLanguage":"de","potentialAction":[{"@type":"ReadAction","target":["https:\/\/vilaboem.ro\/cazare\/"]}]},{"@type":"BreadcrumbList","@id":"https:\/\/vilaboem.ro\/cazare\/#breadcrumb","itemListElement":[{"@type":"ListItem","position":1,"name":"Prima pagin\u0103","item":"https:\/\/vilaboem.ro\/"},{"@type":"ListItem","position":2,"name":"Cazare"}]},{"@type":"WebSite","@id":"https:\/\/vilaboem.ro\/#website","url":"https:\/\/vilaboem.ro\/","name":"Vila Boem - Gura Humorului","description":"Cazare in Gura Humorului Bucovina","potentialAction":[{"@type":"SearchAction","target":{"@type":"EntryPoint","urlTemplate":"https:\/\/vilaboem.ro\/?s={search_term_string}"},"query-input":{"@type":"PropertyValueSpecification","valueRequired":true,"valueName":"search_term_string"}}],"inLanguage":"de"}]}},"_links":{"self":[{"href":"https:\/\/vilaboem.ro\/de\/wp-json\/wp\/v2\/pages\/1222","targetHints":{"allow":["GET"]}}],"collection":[{"href":"https:\/\/vilaboem.ro\/de\/wp-json\/wp\/v2\/pages"}],"about":[{"href":"https:\/\/vilaboem.ro\/de\/wp-json\/wp\/v2\/types\/page"}],"author":[{"embeddable":true,"href":"https:\/\/vilaboem.ro\/de\/wp-json\/wp\/v2\/users\/1"}],"replies":[{"embeddable":true,"href":"https:\/\/vilaboem.ro\/de\/wp-json\/wp\/v2\/comments?post=1222"}],"version-history":[{"count":30,"href":"https:\/\/vilaboem.ro\/de\/wp-json\/wp\/v2\/pages\/1222\/revisions"}],"predecessor-version":[{"id":1679,"href":"https:\/\/vilaboem.ro\/de\/wp-json\/wp\/v2\/pages\/1222\/revisions\/1679"}],"wp:attachment":[{"href":"https:\/\/vilaboem.ro\/de\/wp-json\/wp\/v2\/media?parent=1222"}],"curies":[{"name":"wp","href":"https:\/\/api.w.org\/{rel}","templated":true}]}}