{"id":1298,"date":"2016-06-14T22:57:54","date_gmt":"2016-06-14T20:57:54","guid":{"rendered":"https:\/\/vilaboem.ro\/?page_id=1298"},"modified":"2016-08-16T21:26:57","modified_gmt":"2016-08-16T19:26:57","slug":"vila-boem","status":"publish","type":"page","link":"https:\/\/vilaboem.ro\/de\/vila-boem\/","title":{"rendered":"Vila Boem"},"content":{"rendered":"<blockquote><p>Ich liebe Bucovina, weil es hier Farben gibt, die viele Menschen heutzutage nicht mehr in deren gebiet beobachten k\u00f6nnen. Da der Himmel von Harz riecht, weil die Wiesen voll von verschiedenen Blumen sind, weil die V\u00f6gel ihr zwitschern nie aufh\u00f6ren, und weil die Sterne nie fallen, sondern sie nur die Unendlichkeit messen.<br \/>\nIch mag Bucovina, weil dies der Ort ist, wo Menschen Sie in den Augen anschauen und Ihnen einen einen sch\u00f6nen Tag w\u00fcnschen, obwohl man sie nie zuvor getroffen haben. Ich mag es, weil seine \u00c4ltesten noch wissen, wie \u00fcberrascht zu sein, und die Kinder hier noch wissen, sich zu sch\u00e4men.<br \/>\nDenn der Sommer hat den Duft von frischem Heu, und im Herbst riecht von Letzten Gras; Weil die Sonne aufgeht, nur dann, wenn der Tau glitzert, oder wenn die gefrorenen Schnee glitzert.<br \/>\nDa die Wolken nie aufh\u00f6ren. Denn je tiefer die W\u00e4lder, desto mehr still sie sind. Da je lauter das Wasser, desto geringer ist sie.<\/p>\n<p>&nbsp;<\/p>\n<p style=\"text-align: right;\"><em>Casian Balabasciuc<\/em><\/p>\n<\/blockquote>\n<div class='sc_column one_third ' >\n<h2>Willkommen zu Vila Boem!<\/h2>\n<p><img loading=\"lazy\" decoding=\"async\" class=\"alignnone size-full wp-image-1304\" src=\"https:\/\/vilaboem.ro\/wp-content\/uploads\/2016\/06\/vila_macheta.jpg\" alt=\"vila_macheta\" width=\"1200\" height=\"590\" srcset=\"https:\/\/vilaboem.ro\/wp-content\/uploads\/2016\/06\/vila_macheta.jpg 1200w, https:\/\/vilaboem.ro\/wp-content\/uploads\/2016\/06\/vila_macheta-768x378.jpg 768w, https:\/\/vilaboem.ro\/wp-content\/uploads\/2016\/06\/vila_macheta-500x246.jpg 500w\" sizes=\"auto, (max-width: 1200px) 100vw, 1200px\" \/><\/p>\n<p><strong>Vila Boem<\/strong> war in den 1920. Jahren von einer reiche Judische Familie gebaut, die es als Wohnst\u00e4tte benutzten; spater wurde es in einem Lebensmittelgesch\u00e4ft umgewandelt (es war zwischen den ersten Gesch\u00e4ften von Gura Humorului), und danach wurde es Eigentum des Rathauses, das es als sozial Kantine verwendet hat.<\/p>\n<p>Nach langer Zeit, in der sein Status ganz unsicher war und es wurde fast unbewohnbar, dieses alte Haus wurde aus seiner eingenen Asche wiedergeboren, und mit unserer Hilfe ist es die \u201cVila Boem\u201d bekommen \u2013 ein ruhiges, elegantes und zweifellos ein charmantes Haus, wo jedes Detail seine eigene Geschichte hat.<br \/>\n<\/div>\n<div class='sc_column one_third ' >\n<h2>Home away from home<\/h2>\n<p><img loading=\"lazy\" decoding=\"async\" class=\"alignnone size-full wp-image-1321\" src=\"https:\/\/vilaboem.ro\/wp-content\/uploads\/2016\/06\/despre_vila_boem_bw-1.jpg\" alt=\"despre_vila_boem_bw\" width=\"1200\" height=\"590\" srcset=\"https:\/\/vilaboem.ro\/wp-content\/uploads\/2016\/06\/despre_vila_boem_bw-1.jpg 1200w, https:\/\/vilaboem.ro\/wp-content\/uploads\/2016\/06\/despre_vila_boem_bw-1-768x378.jpg 768w, https:\/\/vilaboem.ro\/wp-content\/uploads\/2016\/06\/despre_vila_boem_bw-1-500x246.jpg 500w\" sizes=\"auto, (max-width: 1200px) 100vw, 1200px\" \/><\/p>\n<p>Heute ist die Lage ist neu und passt in das Konzept Home away from home, ein Ort, weit weg von zu Hause, die aber versucht, Ihnen so viel von dem Komfort eines echten Zuhause anzubieten, wie es kann.<\/p>\n<p>Wir bieten Ihnen 6 Unterkunftsbereiche: 2 Einzimmerwohnungen, 4 Apartments und ein gemeinsames Wohnzimmer, die f\u00fcr Sozialisierung perfekt ist. Alle Zimmer verf\u00fcgen \u00fcber Doppelbetten , ein Klapp Couch , eine voll ausgestattete K\u00fcche mit Essraum, und Badezimmer mit Badewanne.<br \/>\n<\/div>\n<div class='sc_column one_third last ' >\n<h2>Bucovina andres entdecken &#8230;<\/h2>\n<p><img loading=\"lazy\" decoding=\"async\" class=\"alignnone size-full wp-image-1310\" src=\"https:\/\/vilaboem.ro\/wp-content\/uploads\/2016\/06\/despre_bucovina_old.jpg\" alt=\"despre_bucovina_old\" width=\"1200\" height=\"590\" srcset=\"https:\/\/vilaboem.ro\/wp-content\/uploads\/2016\/06\/despre_bucovina_old.jpg 1200w, https:\/\/vilaboem.ro\/wp-content\/uploads\/2016\/06\/despre_bucovina_old-768x378.jpg 768w, https:\/\/vilaboem.ro\/wp-content\/uploads\/2016\/06\/despre_bucovina_old-500x246.jpg 500w\" sizes=\"auto, (max-width: 1200px) 100vw, 1200px\" \/><\/p>\n<p><strong>Bucovina <\/strong>ist bekannt f\u00fcr die ber\u00fchmten Kl\u00f6ster und Kirchen, aber Bucovina bedeutet nicht nur das. Bucovina bedeutet auch Geschichte, warmherzige Menschen, die Geschichten erz\u00e4hlen, Landschaften, die Ihnen den Atem rauben, Bergwege, die Sie zu entdecken warten, sowie Naturgebiete die gesetzlich gesch\u00fctzt sind.<\/p>\n<p>Vila Boem liegt im Zentrum von Gura Humorului, aber in der gleichen Zeit befindet, es ist abgelegen von der st\u00e4dtischen Hektik. Die wichtigsten Touristenattraktionen sind sehr nah und sie zu besuchen ist sehr zug\u00e4nglich.<br \/>\n<\/div><div class='clear'><\/div>\n<p>&nbsp;","protected":false},"excerpt":{"rendered":"<p>Ich liebe Bucovina, weil es hier Farben gibt, die viele Menschen heutzutage nicht mehr in deren gebiet beobachten k\u00f6nnen. Da der Himmel von Harz riecht, weil die Wiesen voll von verschiedenen Blumen sind, weil die V\u00f6gel ihr zwitschern nie aufh\u00f6ren, und weil die Sterne nie fallen, sondern sie nur die Unendlichkeit messen. Ich mag Bucovina, weil dies der Ort ist, wo Menschen Sie in den Augen anschauen und Ihnen einen einen sch\u00f6nen Tag w\u00fcnschen, obwohl man sie nie zuvor getroffen haben. Ich mag es, weil seine \u00c4ltesten noch wissen, wie \u00fcberrascht zu sein, und die Kinder hier noch wissen, sich <a href=\"https:\/\/vilaboem.ro\/de\/vila-boem\/\"><span class=\"meta-nav\">Citeste articolul<\/span><\/a><\/p>\n","protected":false},"author":1,"featured_media":0,"parent":0,"menu_order":0,"comment_status":"closed","ping_status":"closed","template":"","meta":{"footnotes":""},"class_list":["post-1298","page","type-page","status-publish","hentry"],"yoast_head":"<!-- This site is optimized with the Yoast SEO plugin v27.1.1 - https:\/\/yoast.com\/product\/yoast-seo-wordpress\/ -->\n<title>Vila Boem - Vila Boem - Gura Humorului<\/title>\n<meta name=\"robots\" content=\"index, follow, max-snippet:-1, max-image-preview:large, max-video-preview:-1\" \/>\n<link rel=\"canonical\" href=\"https:\/\/vilaboem.ro\/vila-boem\/\" \/>\n<meta property=\"og:locale\" content=\"de_DE\" \/>\n<meta property=\"og:type\" content=\"article\" \/>\n<meta property=\"og:title\" content=\"Vila Boem - Vila Boem - Gura Humorului\" \/>\n<meta property=\"og:description\" content=\"Ich liebe Bucovina, weil es hier Farben gibt, die viele Menschen heutzutage nicht mehr in deren gebiet beobachten k\u00f6nnen. Da der Himmel von Harz riecht, weil die Wiesen voll von verschiedenen Blumen sind, weil die V\u00f6gel ihr zwitschern nie aufh\u00f6ren, und weil die Sterne nie fallen, sondern sie nur die Unendlichkeit messen. Ich mag Bucovina, weil dies der Ort ist, wo Menschen Sie in den Augen anschauen und Ihnen einen einen sch\u00f6nen Tag w\u00fcnschen, obwohl man sie nie zuvor getroffen haben. Ich mag es, weil seine \u00c4ltesten noch wissen, wie \u00fcberrascht zu sein, und die Kinder hier noch wissen, sich Citeste articolul\" \/>\n<meta property=\"og:url\" content=\"https:\/\/vilaboem.ro\/vila-boem\/\" \/>\n<meta property=\"og:site_name\" content=\"Vila Boem - Gura Humorului\" \/>\n<meta property=\"article:modified_time\" content=\"2016-08-16T19:26:57+00:00\" \/>\n<meta property=\"og:image\" content=\"https:\/\/vilaboem.ro\/wp-content\/uploads\/2016\/06\/vila_macheta.jpg\" \/>\n<meta name=\"twitter:card\" content=\"summary_large_image\" \/>\n<meta name=\"twitter:label1\" content=\"Gesch\u00e4tzte Lesezeit\" \/>\n\t<meta name=\"twitter:data1\" content=\"7\u00a0Minuten\" \/>\n<script type=\"application\/ld+json\" class=\"yoast-schema-graph\">{\"@context\":\"https:\/\/schema.org\",\"@graph\":[{\"@type\":\"WebPage\",\"@id\":\"https:\/\/vilaboem.ro\/vila-boem\/\",\"url\":\"https:\/\/vilaboem.ro\/vila-boem\/\",\"name\":\"Vila Boem - Vila Boem - Gura Humorului\",\"isPartOf\":{\"@id\":\"https:\/\/vilaboem.ro\/#website\"},\"primaryImageOfPage\":{\"@id\":\"https:\/\/vilaboem.ro\/vila-boem\/#primaryimage\"},\"image\":{\"@id\":\"https:\/\/vilaboem.ro\/vila-boem\/#primaryimage\"},\"thumbnailUrl\":\"https:\/\/vilaboem.ro\/wp-content\/uploads\/2016\/06\/vila_macheta.jpg\",\"datePublished\":\"2016-06-14T20:57:54+00:00\",\"dateModified\":\"2016-08-16T19:26:57+00:00\",\"breadcrumb\":{\"@id\":\"https:\/\/vilaboem.ro\/vila-boem\/#breadcrumb\"},\"inLanguage\":\"de\",\"potentialAction\":[{\"@type\":\"ReadAction\",\"target\":[\"https:\/\/vilaboem.ro\/vila-boem\/\"]}]},{\"@type\":\"ImageObject\",\"inLanguage\":\"de\",\"@id\":\"https:\/\/vilaboem.ro\/vila-boem\/#primaryimage\",\"url\":\"https:\/\/vilaboem.ro\/wp-content\/uploads\/2016\/06\/vila_macheta.jpg\",\"contentUrl\":\"https:\/\/vilaboem.ro\/wp-content\/uploads\/2016\/06\/vila_macheta.jpg\"},{\"@type\":\"BreadcrumbList\",\"@id\":\"https:\/\/vilaboem.ro\/vila-boem\/#breadcrumb\",\"itemListElement\":[{\"@type\":\"ListItem\",\"position\":1,\"name\":\"Prima pagin\u0103\",\"item\":\"https:\/\/vilaboem.ro\/\"},{\"@type\":\"ListItem\",\"position\":2,\"name\":\"Vila Boem\"}]},{\"@type\":\"WebSite\",\"@id\":\"https:\/\/vilaboem.ro\/#website\",\"url\":\"https:\/\/vilaboem.ro\/\",\"name\":\"Vila Boem - Gura Humorului\",\"description\":\"Cazare in Gura Humorului Bucovina\",\"potentialAction\":[{\"@type\":\"SearchAction\",\"target\":{\"@type\":\"EntryPoint\",\"urlTemplate\":\"https:\/\/vilaboem.ro\/?s={search_term_string}\"},\"query-input\":{\"@type\":\"PropertyValueSpecification\",\"valueRequired\":true,\"valueName\":\"search_term_string\"}}],\"inLanguage\":\"de\"}]}<\/script>\n<!-- \/ Yoast SEO plugin. -->","yoast_head_json":{"title":"Vila Boem - Vila Boem - Gura Humorului","robots":{"index":"index","follow":"follow","max-snippet":"max-snippet:-1","max-image-preview":"max-image-preview:large","max-video-preview":"max-video-preview:-1"},"canonical":"https:\/\/vilaboem.ro\/vila-boem\/","og_locale":"de_DE","og_type":"article","og_title":"Vila Boem - Vila Boem - Gura Humorului","og_description":"Ich liebe Bucovina, weil es hier Farben gibt, die viele Menschen heutzutage nicht mehr in deren gebiet beobachten k\u00f6nnen. Da der Himmel von Harz riecht, weil die Wiesen voll von verschiedenen Blumen sind, weil die V\u00f6gel ihr zwitschern nie aufh\u00f6ren, und weil die Sterne nie fallen, sondern sie nur die Unendlichkeit messen. Ich mag Bucovina, weil dies der Ort ist, wo Menschen Sie in den Augen anschauen und Ihnen einen einen sch\u00f6nen Tag w\u00fcnschen, obwohl man sie nie zuvor getroffen haben. Ich mag es, weil seine \u00c4ltesten noch wissen, wie \u00fcberrascht zu sein, und die Kinder hier noch wissen, sich Citeste articolul","og_url":"https:\/\/vilaboem.ro\/vila-boem\/","og_site_name":"Vila Boem - Gura Humorului","article_modified_time":"2016-08-16T19:26:57+00:00","og_image":[{"url":"https:\/\/vilaboem.ro\/wp-content\/uploads\/2016\/06\/vila_macheta.jpg","type":"","width":"","height":""}],"twitter_card":"summary_large_image","twitter_misc":{"Gesch\u00e4tzte Lesezeit":"7\u00a0Minuten"},"schema":{"@context":"https:\/\/schema.org","@graph":[{"@type":"WebPage","@id":"https:\/\/vilaboem.ro\/vila-boem\/","url":"https:\/\/vilaboem.ro\/vila-boem\/","name":"Vila Boem - Vila Boem - Gura Humorului","isPartOf":{"@id":"https:\/\/vilaboem.ro\/#website"},"primaryImageOfPage":{"@id":"https:\/\/vilaboem.ro\/vila-boem\/#primaryimage"},"image":{"@id":"https:\/\/vilaboem.ro\/vila-boem\/#primaryimage"},"thumbnailUrl":"https:\/\/vilaboem.ro\/wp-content\/uploads\/2016\/06\/vila_macheta.jpg","datePublished":"2016-06-14T20:57:54+00:00","dateModified":"2016-08-16T19:26:57+00:00","breadcrumb":{"@id":"https:\/\/vilaboem.ro\/vila-boem\/#breadcrumb"},"inLanguage":"de","potentialAction":[{"@type":"ReadAction","target":["https:\/\/vilaboem.ro\/vila-boem\/"]}]},{"@type":"ImageObject","inLanguage":"de","@id":"https:\/\/vilaboem.ro\/vila-boem\/#primaryimage","url":"https:\/\/vilaboem.ro\/wp-content\/uploads\/2016\/06\/vila_macheta.jpg","contentUrl":"https:\/\/vilaboem.ro\/wp-content\/uploads\/2016\/06\/vila_macheta.jpg"},{"@type":"BreadcrumbList","@id":"https:\/\/vilaboem.ro\/vila-boem\/#breadcrumb","itemListElement":[{"@type":"ListItem","position":1,"name":"Prima pagin\u0103","item":"https:\/\/vilaboem.ro\/"},{"@type":"ListItem","position":2,"name":"Vila Boem"}]},{"@type":"WebSite","@id":"https:\/\/vilaboem.ro\/#website","url":"https:\/\/vilaboem.ro\/","name":"Vila Boem - Gura Humorului","description":"Cazare in Gura Humorului Bucovina","potentialAction":[{"@type":"SearchAction","target":{"@type":"EntryPoint","urlTemplate":"https:\/\/vilaboem.ro\/?s={search_term_string}"},"query-input":{"@type":"PropertyValueSpecification","valueRequired":true,"valueName":"search_term_string"}}],"inLanguage":"de"}]}},"_links":{"self":[{"href":"https:\/\/vilaboem.ro\/de\/wp-json\/wp\/v2\/pages\/1298","targetHints":{"allow":["GET"]}}],"collection":[{"href":"https:\/\/vilaboem.ro\/de\/wp-json\/wp\/v2\/pages"}],"about":[{"href":"https:\/\/vilaboem.ro\/de\/wp-json\/wp\/v2\/types\/page"}],"author":[{"embeddable":true,"href":"https:\/\/vilaboem.ro\/de\/wp-json\/wp\/v2\/users\/1"}],"replies":[{"embeddable":true,"href":"https:\/\/vilaboem.ro\/de\/wp-json\/wp\/v2\/comments?post=1298"}],"version-history":[{"count":23,"href":"https:\/\/vilaboem.ro\/de\/wp-json\/wp\/v2\/pages\/1298\/revisions"}],"predecessor-version":[{"id":1447,"href":"https:\/\/vilaboem.ro\/de\/wp-json\/wp\/v2\/pages\/1298\/revisions\/1447"}],"wp:attachment":[{"href":"https:\/\/vilaboem.ro\/de\/wp-json\/wp\/v2\/media?parent=1298"}],"curies":[{"name":"wp","href":"https:\/\/api.w.org\/{rel}","templated":true}]}}