{"id":737,"date":"2014-09-26T09:06:06","date_gmt":"2014-09-26T09:06:06","guid":{"rendered":"http:\/\/wphotelone.com\/cityinn\/?page_id=737"},"modified":"2023-06-30T00:37:52","modified_gmt":"2023-06-29T21:37:52","slug":"home-new","status":"publish","type":"page","link":"https:\/\/vilaboem.ro\/de\/","title":{"rendered":"Acasa"},"content":{"rendered":"<div class='sc_column one_half ' >\n<h2>Herzlich Willkommen !<\/h2>\n<p>Vila Boem ist eine neue Stelle, die in dem Konzept der \u201eHome away from home\u201c passt. Das bedeutet, dass es einen Ort weitweg von Ihr eigenes Haus liegt, aber der den Komfort eines Hauses anbietet. <\/p>\n<p>Das Geb\u00e4ude befindet sich im Zentrum der Stadt Gura Humorului, aber in der gleichen Zeit, es ist ziemlich abgelegen von der st\u00e4dtischen Hektik. Die wichtigsten Touristenattraktionen sind sehr nah an sie und sie zu besuchen ist sehr zug\u00e4nglich.<\/p>\n<\/div>\n<div class='sc_column one_fourth ' >\n<h2>Was wir anbieten:<\/h2>\n\n<ul class='template_ul iconlist' >\n<li class='iconlist-item'><i class='icon icon-check-circle'><\/i><span>Kostenloses WLAN<\/span><\/li>\n<li class='iconlist-item'><i class='icon icon-check-circle'><\/i><span>Voll ausgestattete K\u00fcche<\/span><\/li>\n<li class='iconlist-item'><i class='icon icon-check-circle'><\/i><span>Fu\u00dfbodenheizung<\/span><\/li>\n<li class='iconlist-item'><i class='icon icon-check-circle'><\/i><span>Klimaanlage<\/span><\/li>\n<li class='iconlist-item'><i class='icon icon-check-circle'><\/i><span>LED-Fernseher<\/span><\/li>\n<li class='iconlist-item'><i class='icon icon-check-circle'><\/i><span>Parkplatz mit Video\u00fcberwachung<\/span><\/li>\n<\/ul>\n\n<\/div>\n<div class='sc_column one_fourth last ' >\n<style type='text\/css' scoped='scoped'><!--\n\t\t\t#cycle-IL3AU > div, #cycle-IL3AU > li {height: px;}\n\t\t\t#cycle-nav-IL3AU {z-index:1111;  position:relative;  }\n\t\t\t#cycle-nav-IL3AU li {float:left; display:inline; margin-right:10px; margin-top:-20px;}\n\t\t\t#cycle-nav-IL3AU li img {padding:1px; border:1px solid #dcdcdc; margin-top:-10px;}\n\t\t\t-->\n\t\t\t<\/style><script type='text\/javascript'><!--\/\/--><![CDATA[\/\/><!--\t\n\t\t\tjQuery(window).load(function() \n\t\t\t\t{    \n\t\t\t\tjQuery('#cycle-IL3AU').cycle({  fx:      'scrollLeft',     timeout:  6000,  speed:'1000' , prev:    '#prev',        next:    '#next',        pager:   '#cycle-nav-IL3AU' ,easing:'easeInOutQuart'  , after: adjust_IL3AU_slider }); \t\tfunction adjust_IL3AU_slider(oldSlide, slide)\n\t\t\t\t\t\t{\n\t\t\t\t\t\tvar ht = jQuery(slide).find('img').height();\n\t\t\t\t\t\tif(ht)\n\t\t\t\t\t\t\t{\n\t\t\t\t\t\t\tjQuery(slide).parent().animate({height: ht});\n\t\t\t\t\t\t\t}\n\t\t\t\t\t\t}\n\t\t\t\t});  \/\/--><!]]><\/script>\t\n\t\t\t<div class='shadow_box'><div><div style=' width:px; height:px; overflow:hidden !important; '><div class='sc-cycle' id='cycle-IL3AU' ><img decoding=\"async\" src=\"https:\/\/vilaboem.ro\/wp-content\/uploads\/2016\/06\/home_2.jpg\" alt=\"vila boem 2\" \/> <img decoding=\"async\" src=\"https:\/\/vilaboem.ro\/wp-content\/uploads\/2016\/06\/home_1.jpg\" alt=\"vila boem 1\" \/>  <\/div><div><div  id='cycle-nav-IL3AU' class='cycle-content-navs'><\/div><div class='clear'><\/div><\/div><\/div><\/div><\/div>\n<\/div><div class='clear'><\/div>\n<\/div><\/div><!-- content --><\/div><\/div><div  class='custom_section custom_section_GEOyg  '  style='background-color:#f5f5f5; color:; ;  margin-top:-50px;  margin-bottom:0px; '><div class='inner'>\n<h2>Unsere Zimmer<\/h2>\n\t\t<div class=\"group\">\n\t\t<div class=\"room-itemlist-col2 group-itemlist-2\">\n\t\t\t\t\t\t\t\t\t\t\t\t\t<div class=\"room-lists-item\">\n\t\t\t\t<!-- rooms-entry -->\n<div class=\"room_entry_div \">\n\n\t<div class=\"room_slideshow_container\">\n\t\t       <div>\n\t\t\t<div class=\"room_slideshow\">\n\t\t<div data-slicon='https:\/\/vilaboem.ro\/wp-content\/uploads\/2016\/06\/camere_garsoniera4-100x100.jpg'>\n\t\t\t\t\t\t\t<a   title='' data-gal='prettyPhoto prettyPhoto[gal]' class='prettyPhoto' href='https:\/\/vilaboem.ro\/wp-content\/uploads\/2016\/06\/camere_garsoniera4.jpg'>\n\t\t\t\t\t\t\t\t\t<img src='https:\/\/vilaboem.ro\/wp-content\/uploads\/2016\/06\/camere_garsoniera4.jpg' alt=''   \/>\t\t<\/a>\t\t\t\t\t\t\n\t\t\t\t\t\t<\/div><div data-slicon='https:\/\/vilaboem.ro\/wp-content\/uploads\/2016\/06\/camere_garsoniera3-100x100.jpg'>\n\t\t\t\t\t\t\t<a   title='' data-gal='prettyPhoto prettyPhoto[gal]' class='prettyPhoto' href='https:\/\/vilaboem.ro\/wp-content\/uploads\/2016\/06\/camere_garsoniera3.jpg'>\n\t\t\t\t\t\t\t\t\t<img src='https:\/\/vilaboem.ro\/wp-content\/uploads\/2016\/06\/camere_garsoniera3.jpg' alt=''   \/>\t\t<\/a>\t\t\t\t\t\t\n\t\t\t\t\t\t<\/div><div data-slicon='https:\/\/vilaboem.ro\/wp-content\/uploads\/2016\/06\/camere_garsoniera2-100x100.jpg'>\n\t\t\t\t\t\t\t<a   title='' data-gal='prettyPhoto prettyPhoto[gal]' class='prettyPhoto' href='https:\/\/vilaboem.ro\/wp-content\/uploads\/2016\/06\/camere_garsoniera2.jpg'>\n\t\t\t\t\t\t\t\t\t<img src='https:\/\/vilaboem.ro\/wp-content\/uploads\/2016\/06\/camere_garsoniera2.jpg' alt=''   \/>\t\t<\/a>\t\t\t\t\t\t\n\t\t\t\t\t\t<\/div><div data-slicon='https:\/\/vilaboem.ro\/wp-content\/uploads\/2016\/06\/camere_garsoniera-100x100.jpg'>\n\t\t\t\t\t\t\t<a   title='' data-gal='prettyPhoto prettyPhoto[gal]' class='prettyPhoto' href='https:\/\/vilaboem.ro\/wp-content\/uploads\/2016\/06\/camere_garsoniera.jpg'>\n\t\t\t\t\t\t\t\t\t<img src='https:\/\/vilaboem.ro\/wp-content\/uploads\/2016\/06\/camere_garsoniera.jpg' alt=''   \/>\t\t<\/a>\t\t\t\t\t\t\n\t\t\t\t\t\t<\/div><\/div><div class='clear'><\/div><ul id='roomslider_nav' class='template_ul'><\/ul><div class='clear'><\/div><\/div><a href=\"#\" class=\"next room_next\">Next<\/a><a href=\"#\" class=\"prev room_prev\">Prev<\/a><\/div>\n\t<a  class='rooms_entry_headline' href=\"https:\/\/vilaboem.ro\/de\/easy-rooms\/garsoniera\/\"><h4 class='rooms_p'>Einzimmerwohnung\t<span class='room_entry_price'>250 Lei<\/span>\t<\/h4><\/a>\n\t\t\t\t<p class='more'><a href=\"https:\/\/vilaboem.ro\/de\/easy-rooms\/garsoniera\/\" class=\"button sc_button green \">\nSiehe Details und buch online\n<\/a><\/p>\n\t<div class=\"clear\"><\/div>\n<\/div>\t\t\t<\/div>\n\n\t\t\t\t\t\t\t\t\t\t\t<div class=\"room-lists-item\">\n\t\t\t\t<!-- rooms-entry -->\n<div class=\"room_entry_div \">\n\n\t<div class='opacity-hover-bg single-portfolio-image'><a rel=\"prettyPhoto\"  href=\"https:\/\/vilaboem.ro\/wp-content\/uploads\/2016\/06\/camere_apartament.jpg\" title=\"Apartament\" ><img loading=\"lazy\" decoding=\"async\" width=\"1200\" height=\"740\" src=\"https:\/\/vilaboem.ro\/wp-content\/uploads\/2016\/06\/camere_apartament.jpg\" class=\"opacity-hover wp-post-image\" alt=\"\" srcset=\"https:\/\/vilaboem.ro\/wp-content\/uploads\/2016\/06\/camere_apartament.jpg 1200w, https:\/\/vilaboem.ro\/wp-content\/uploads\/2016\/06\/camere_apartament-768x474.jpg 768w, https:\/\/vilaboem.ro\/wp-content\/uploads\/2016\/06\/camere_apartament-500x308.jpg 500w\" sizes=\"auto, (max-width: 1200px) 100vw, 1200px\" \/><\/a><\/div>\n\t<a  class='rooms_entry_headline' href=\"https:\/\/vilaboem.ro\/de\/easy-rooms\/apartament\/\"><h4 class='rooms_p'>Apartament\t<span class='room_entry_price'>280 Lei<\/span>\t<\/h4><\/a>\n\t\t\t\t<p class='more'><a href=\"https:\/\/vilaboem.ro\/de\/easy-rooms\/apartament\/\" class=\"button sc_button green \">\nSiehe Details und buch online\n<\/a><\/p>\n\t<div class=\"clear\"><\/div>\n<\/div>\t\t\t<\/div>\n\n\t\t\t\t \n\t\t<\/div> \n\t\t<div class=\"clear\"><\/div>\n\t<\/div><!-- group-->  \n\n\t\n<\/div><\/div><div><div class='inner'><div class='maincontent'><div>","protected":false},"excerpt":{"rendered":"","protected":false},"author":2,"featured_media":0,"parent":0,"menu_order":0,"comment_status":"open","ping_status":"open","template":"","meta":{"footnotes":""},"class_list":["post-737","page","type-page","status-publish","hentry","has_featured_image"],"yoast_head":"<!-- This site is optimized with the Yoast SEO plugin v27.1.1 - https:\/\/yoast.com\/product\/yoast-seo-wordpress\/ -->\n<title><\/title>\n<meta name=\"robots\" content=\"index, follow, max-snippet:-1, max-image-preview:large, max-video-preview:-1\" \/>\n<link rel=\"canonical\" href=\"https:\/\/vilaboem.ro\/\" \/>\n<meta property=\"og:locale\" content=\"de_DE\" \/>\n<meta property=\"og:type\" content=\"article\" \/>\n<meta property=\"og:title\" content=\"[:ro]Acasa[:en]Home[:] - Vila Boem - Gura Humorului\" \/>\n<meta property=\"og:url\" content=\"https:\/\/vilaboem.ro\/\" \/>\n<meta property=\"og:site_name\" content=\"Vila Boem - Gura Humorului\" \/>\n<meta property=\"article:modified_time\" content=\"2023-06-29T21:37:52+00:00\" \/>\n<meta property=\"og:image\" content=\"https:\/\/vilaboem.ro\/wp-content\/uploads\/2016\/06\/home_2.jpg\" \/>\n<meta name=\"twitter:card\" content=\"summary_large_image\" \/>\n<meta name=\"twitter:label1\" content=\"Gesch\u00e4tzte Lesezeit\" \/>\n\t<meta name=\"twitter:data1\" content=\"2\u00a0Minuten\" \/>\n<script type=\"application\/ld+json\" class=\"yoast-schema-graph\">{\"@context\":\"https:\/\/schema.org\",\"@graph\":[{\"@type\":\"WebPage\",\"@id\":\"https:\/\/vilaboem.ro\/\",\"url\":\"https:\/\/vilaboem.ro\/\",\"name\":\"[:ro]Acasa[:en]Home[:] - Vila Boem - Gura Humorului\",\"isPartOf\":{\"@id\":\"https:\/\/vilaboem.ro\/#website\"},\"primaryImageOfPage\":{\"@id\":\"https:\/\/vilaboem.ro\/#primaryimage\"},\"image\":{\"@id\":\"https:\/\/vilaboem.ro\/#primaryimage\"},\"thumbnailUrl\":\"https:\/\/vilaboem.ro\/wp-content\/uploads\/2016\/06\/home_2.jpg\",\"datePublished\":\"2014-09-26T09:06:06+00:00\",\"dateModified\":\"2023-06-29T21:37:52+00:00\",\"breadcrumb\":{\"@id\":\"https:\/\/vilaboem.ro\/#breadcrumb\"},\"inLanguage\":\"de\",\"potentialAction\":[{\"@type\":\"ReadAction\",\"target\":[\"https:\/\/vilaboem.ro\/\"]}]},{\"@type\":\"ImageObject\",\"inLanguage\":\"de\",\"@id\":\"https:\/\/vilaboem.ro\/#primaryimage\",\"url\":\"https:\/\/vilaboem.ro\/wp-content\/uploads\/2016\/06\/home_2.jpg\",\"contentUrl\":\"https:\/\/vilaboem.ro\/wp-content\/uploads\/2016\/06\/home_2.jpg\"},{\"@type\":\"BreadcrumbList\",\"@id\":\"https:\/\/vilaboem.ro\/#breadcrumb\",\"itemListElement\":[{\"@type\":\"ListItem\",\"position\":1,\"name\":\"Prima pagin\u0103\",\"item\":\"https:\/\/vilaboem.ro\/\"},{\"@type\":\"ListItem\",\"position\":2,\"name\":\"Acasa\"}]},{\"@type\":\"WebSite\",\"@id\":\"https:\/\/vilaboem.ro\/#website\",\"url\":\"https:\/\/vilaboem.ro\/\",\"name\":\"Vila Boem - Gura Humorului\",\"description\":\"Cazare in Gura Humorului Bucovina\",\"potentialAction\":[{\"@type\":\"SearchAction\",\"target\":{\"@type\":\"EntryPoint\",\"urlTemplate\":\"https:\/\/vilaboem.ro\/?s={search_term_string}\"},\"query-input\":{\"@type\":\"PropertyValueSpecification\",\"valueRequired\":true,\"valueName\":\"search_term_string\"}}],\"inLanguage\":\"de\"}]}<\/script>\n<!-- \/ Yoast SEO plugin. -->","yoast_head_json":{"title":"[:ro]Acasa[:en]Home[:] - Vila Boem - Gura Humorului","robots":{"index":"index","follow":"follow","max-snippet":"max-snippet:-1","max-image-preview":"max-image-preview:large","max-video-preview":"max-video-preview:-1"},"canonical":"https:\/\/vilaboem.ro\/","og_locale":"de_DE","og_type":"article","og_title":"[:ro]Acasa[:en]Home[:] - Vila Boem - Gura Humorului","og_url":"https:\/\/vilaboem.ro\/","og_site_name":"Vila Boem - Gura Humorului","article_modified_time":"2023-06-29T21:37:52+00:00","og_image":[{"url":"https:\/\/vilaboem.ro\/wp-content\/uploads\/2016\/06\/home_2.jpg","type":"","width":"","height":""}],"twitter_card":"summary_large_image","twitter_misc":{"Gesch\u00e4tzte Lesezeit":"2\u00a0Minuten"},"schema":{"@context":"https:\/\/schema.org","@graph":[{"@type":"WebPage","@id":"https:\/\/vilaboem.ro\/","url":"https:\/\/vilaboem.ro\/","name":"[:ro]Acasa[:en]Home[:] - Vila Boem - Gura Humorului","isPartOf":{"@id":"https:\/\/vilaboem.ro\/#website"},"primaryImageOfPage":{"@id":"https:\/\/vilaboem.ro\/#primaryimage"},"image":{"@id":"https:\/\/vilaboem.ro\/#primaryimage"},"thumbnailUrl":"https:\/\/vilaboem.ro\/wp-content\/uploads\/2016\/06\/home_2.jpg","datePublished":"2014-09-26T09:06:06+00:00","dateModified":"2023-06-29T21:37:52+00:00","breadcrumb":{"@id":"https:\/\/vilaboem.ro\/#breadcrumb"},"inLanguage":"de","potentialAction":[{"@type":"ReadAction","target":["https:\/\/vilaboem.ro\/"]}]},{"@type":"ImageObject","inLanguage":"de","@id":"https:\/\/vilaboem.ro\/#primaryimage","url":"https:\/\/vilaboem.ro\/wp-content\/uploads\/2016\/06\/home_2.jpg","contentUrl":"https:\/\/vilaboem.ro\/wp-content\/uploads\/2016\/06\/home_2.jpg"},{"@type":"BreadcrumbList","@id":"https:\/\/vilaboem.ro\/#breadcrumb","itemListElement":[{"@type":"ListItem","position":1,"name":"Prima pagin\u0103","item":"https:\/\/vilaboem.ro\/"},{"@type":"ListItem","position":2,"name":"Acasa"}]},{"@type":"WebSite","@id":"https:\/\/vilaboem.ro\/#website","url":"https:\/\/vilaboem.ro\/","name":"Vila Boem - Gura Humorului","description":"Cazare in Gura Humorului Bucovina","potentialAction":[{"@type":"SearchAction","target":{"@type":"EntryPoint","urlTemplate":"https:\/\/vilaboem.ro\/?s={search_term_string}"},"query-input":{"@type":"PropertyValueSpecification","valueRequired":true,"valueName":"search_term_string"}}],"inLanguage":"de"}]}},"_links":{"self":[{"href":"https:\/\/vilaboem.ro\/de\/wp-json\/wp\/v2\/pages\/737","targetHints":{"allow":["GET"]}}],"collection":[{"href":"https:\/\/vilaboem.ro\/de\/wp-json\/wp\/v2\/pages"}],"about":[{"href":"https:\/\/vilaboem.ro\/de\/wp-json\/wp\/v2\/types\/page"}],"author":[{"embeddable":true,"href":"https:\/\/vilaboem.ro\/de\/wp-json\/wp\/v2\/users\/2"}],"replies":[{"embeddable":true,"href":"https:\/\/vilaboem.ro\/de\/wp-json\/wp\/v2\/comments?post=737"}],"version-history":[{"count":26,"href":"https:\/\/vilaboem.ro\/de\/wp-json\/wp\/v2\/pages\/737\/revisions"}],"predecessor-version":[{"id":1634,"href":"https:\/\/vilaboem.ro\/de\/wp-json\/wp\/v2\/pages\/737\/revisions\/1634"}],"wp:attachment":[{"href":"https:\/\/vilaboem.ro\/de\/wp-json\/wp\/v2\/media?parent=737"}],"curies":[{"name":"wp","href":"https:\/\/api.w.org\/{rel}","templated":true}]}}